{"id":1712,"date":"2021-06-15T09:43:45","date_gmt":"2021-06-15T07:43:45","guid":{"rendered":"https:\/\/nhood.it\/privacy-policy\/"},"modified":"2025-05-08T16:43:56","modified_gmt":"2025-05-08T14:43:56","slug":"privacy-policy","status":"publish","type":"page","link":"https:\/\/nhood.it\/en\/privacy-policy\/","title":{"rendered":"Privacy policy e cookie policy"},"content":{"rendered":"\n<p>La presente policy descrive le procedure seguite da Nhood Services Italy S.p.A. (di seguito anche \u201cNhood\u201d o il \u201cTitolare\u201d o la \u201cSociet\u00e0\u201d) in relazione al trattamento dei dati personali raccolti attraverso il sito www.nhood.it (di seguito il \u201cSito\u201d).<\/p>\n\n\n\n<p>Laddove non diversamente specificato, la presente policy vale anche quale informativa \u2013 ai sensi dell\u2019art. 13 del Regolamento (UE) n. 2016\/679 (di seguito il \u201cGDPR\u201d) \u2013 resa a coloro che interagiscono con il Sito (di seguito l\u2019\u201cUtente\u201d).<\/p>\n\n\n\n<p>Informative sul trattamento dei dati personali dettagliate sono riportate, ove necessario, nelle pagine relative ai singoli servizi offerti attraverso il Sito. Tali informative sono dirette a definire limiti e modalit\u00e0 del trattamento dei dati personali di ciascun servizio, in base alle quali l\u2019Utente potr\u00e0 esprimere liberamente il proprio consenso, ove necessario, e autorizzare eventualmente la raccolta dei dati e il loro successivo trattamento.<\/p>\n\n\n\n<p><strong>Titolare del trattamento.<\/strong><s><\/s><\/p>\n\n\n\n<p>Il titolare del trattamento dei Dati \u00e8 Nhood Services Italy S.p.A.&nbsp;con sede legale in Galleria Buenos Aires 8\/12 \u2013 20124 Milano (Mi), e-mail&nbsp;<a href=\"mailto:nhood.services@legalmail.it\" target=\"_blank\" rel=\"noreferrer noopener\">nhood.services@legalmail.it<\/a>, telefono Tel. +390250030336.<\/p>\n\n\n\n<p><strong>Responsabile della protezione dei dati.<\/strong><\/p>\n\n\n\n<p>La societ\u00e0 ha nominato un responsabile della protezione dei dati che potr\u00e0 essere contattato per questioni inerenti al trattamento dei Suoi dati, al seguente recapito mail&nbsp; <a href=\"mailto:dpoitalia@nhood.com\">dpoitalia@nhood.com<\/a> o tramite posta ordinaria, all\u2019indirizzo: Galleria Buenos Aires 8\/12 \u2013 20124 Milano (MI) \u2013 alla c.a. del Responsabile della Protezione dei Dati<\/p>\n\n\n\n<p><strong>Tipologie di dati trattati.<\/strong><\/p>\n\n\n\n<p>Attraverso il Sito potranno essere raccolti e trattati:<\/p>\n\n\n\n<p>\u2022 dati di navigazione;<\/p>\n\n\n\n<p>\u2022 dati personali forniti volontariamente dall\u2019Utente nel form presente all\u2019interno del Sito.<\/p>\n\n\n\n<p><strong>Finalit\u00e0 del trattamento.<\/strong><\/p>\n\n\n\n<p>I dati personali raccolti attraverso il Sito saranno trattati per la gestione delle richieste di informazioni inoltrate dall\u2019Utente;<\/p>\n\n\n\n<p><strong>Base giuridica del trattamento<\/strong><\/p>\n\n\n\n<p>Il trattamento dei dati personali per la finalit\u00e0 sopra indicata non richiede il consenso dell\u2019Utente in quanto il trattamento \u00e8 necessario per adempiere a specifiche richieste dell\u2019interessato ai sensi dell\u2019art. 6, c. 1, lett. b) del GDPR<\/p>\n\n\n\n<p><strong>Conferimento dei dati e conseguenze in caso di mancato conferimento.<\/strong><\/p>\n\n\n\n<p>Il conferimento dei dati personali per le finalit\u00e0 di cui sopra \u00e8 facoltativo e il loro mancato conferimento comporter\u00e0, come unica conseguenza, l\u2019impossibilit\u00e0 per il Titolare di gestire ed evadere le richieste dell\u2019utente<\/p>\n\n\n\n<p><strong>Destinatari o categorie di destinatari.<\/strong><\/p>\n\n\n\n<p>I Dati potranno essere resi accessibili, portati a conoscenza di o comunicati ai seguenti soggetti:<s><\/s><\/p>\n\n\n\n<ol style=\"list-style-type:lower-alpha\" class=\"wp-block-list\">\n<li>societ\u00e0 del gruppo di cui fa parte il Titolare (controllanti, controllate e\/o collegate), dipendenti e\/o collaboratori a qualsivoglia titolo del Titolare e\/o di societ\u00e0 del Gruppo di cui fa parte il Titolare stesso (controllanti, controllate e\/o collegate);<\/li>\n\n\n\n<li>soggetti pubblici o privati, persone fisiche o giuridiche, di cui il Titolare si avvalga per lo svolgimento delle attivit\u00e0 strumentali al raggiungimento della finalit\u00e0 di cui sopra o a cui il Titolare sia tenuto a comunicare i Dati, in forza di obblighi legali o contrattuali.<\/li>\n<\/ol>\n\n\n\n<p>Le categorie di soggetti che agiscono per conto del Titolare sono designate quali Responsabile del trattamento ai sensi dell\u2019Articolo 28 del GDPR 2016\/679.&nbsp; L\u2019elenco completo \u00e8 a Sua disposizione, scrivendo all\u2019indirizzo e-mail nhood.services@legalmail.it<\/p>\n\n\n\n<p>In ogni caso, i Dati non saranno diffusi.<\/p>\n\n\n\n<p><strong>Trasferimento in pasi Extra UE<\/strong><\/p>\n\n\n\n<p>La Societ\u00e0, in qualit\u00e0 di Titolare del Trattamento, non effettua\/effettua trasferimenti di dati verso Paesi terzi (non appartenenti all\u2019UE). Qualora avvenga un trasferimento di dati al di fuori dello Spazio economico europeo, il Titolare adotter\u00e0, a tal fine, tutte le garanzie necessarie.<\/p>\n\n\n\n<p><strong>Periodo di conservazione.<\/strong><\/p>\n\n\n\n<p>In generale, i dati saranno conservati per un periodo di tempo massimo pari al periodo di prescrizione dei diritti azionabili dal Titolare, come di volta in volta applicabile (massimo 2 anni). <s><\/s><\/p>\n\n\n\n<p><strong>Diritti degli interessati e Reclami<\/strong><\/p>\n\n\n\n<p>Lei potr\u00e0 esercitare i diritti attribuiti dal Regolamento UE 2016\/679, inviando ai dati di contatto sopra indicati, un\u2019istanza al Titolare mediante lettera raccomandata, posta elettronica oppure apposito modulo (scaricabile sul sito del Garante per la protezione dei dati personali), debitamente compilato.<\/p>\n\n\n\n<p>I suoi diritti sono i seguenti:<\/p>\n\n\n\n<ul class=\"wp-block-list\">\n<li>ottenere informazioni in relazione alle finalit\u00e0 per cui i Suoi dati personali sono trattati, al periodo del trattamento e ai soggetti cui i dati sono comunicati;<\/li>\n\n\n\n<li>ottenere la rettifica o integrazione dei dati personali inesatti che La riguardano;<\/li>\n\n\n\n<li>ottenere la cancellazione dei dati personali che La riguardano nei seguenti casi (a) i dati non siano pi\u00f9\u0300 necessari per le finalit\u00e0\u0300 per le quali sono stati raccolti; (b) Lei abbia ritirato il Suo consenso al trattamento dei dati qualora essi siano trattati sulla base del Suo consenso; (c) Lei si sia opposto al trattamento dei dati personali che La riguardano nel caso in cui essi siano trattari per un nostro legittimo interesse; o (d) il trattamento dei suoi dati personali non sia conforme alla legge;<\/li>\n\n\n\n<li>ottenere che i dati personali che La riguardano siano solo conservati senza che di essi sia fatto altro uso nei seguenti casi (a) Lei contesti l&#8217;esattezza dei dati personali, per il periodo necessario a consentirci di verificare l&#8217;esattezza di tali dati personali; (b) il trattamento sia illecito ma Lei si opponga comunque alla cancellazione dei dati personali da parte nostra; (c) i dati personali Le siano necessari per l&#8217;accertamento, l&#8217;esercizio o la difesa di un diritto in sede giudiziaria; (d) Lei si sia opposto al trattamento e si sia in attesa della verifica in merito all&#8217;eventuale prevalenza dei nostri motivi legittimi al trattamento rispetto a quelli dell&#8217;interessato e) se sussiste un interesse pubblico;<\/li>\n\n\n\n<li>ottenere la cessazione del trattamento nei casi in cui i Suoi dati personali siano trattati per il nostro legittimo interesse e Lei contesti l\u2019esistenza di questo interesse;<\/li>\n\n\n\n<li>ricevere in un formato di uso comune, leggibile da dispositivo automatico e interoperabile i dati personali che La riguardano trattati con mezzi automatizzati, se essi siano trattati in forza di contratto o sulla base del Suo consenso.<\/li>\n<\/ul>\n\n\n\n<p>Sar\u00e0 nostra cura rispondere alla sua richiesta entro un mese dalla data di ricezione della stessa; tale termine potr\u00e0 essere prorogato di eventuali ulteriori due mesi nel caso di particolare complessit\u00e0 e del numero delle richieste.<\/p>\n\n\n\n<p><strong>Diritto di proporre reclamo al Garante.<\/strong><\/p>\n\n\n\n<p>Inoltre Lei ha diritto a proporre formale reclamo all\u2019Autorit\u00e0 Garante per la protezione dei dati personali (art. 77) nel caso in cui ritenga che siano stati violati i diritti di cui \u00e8 titolare ai sensi del GDPR, secondo le modalit\u00e0 indicate sul sito dell\u2019Autorit\u00e0 stessa accessibile all\u2019indirizzo:&nbsp;<a href=\"http:\/\/www.garanteprivacy.it\/web\/guest\/home\/diritti\/come-agire-per-tutelare-i-nostri-dati-personali?*\">www.garanteprivacy.it<\/a><\/p>\n\n\n\n<p><strong>Cookie.<\/strong><\/p>\n\n\n\n<p>I cookie sono piccoli file di testo che i siti visitati inviano al terminale dell\u2019utente, dove vengono memorizzati, per poi essere ritrasmessi agli stessi siti alla visita successiva.<\/p>\n\n\n\n<p>Il Sito utilizza cookie tecnici, sia propri che di terze parti. Tali cookie, essendo di natura tecnica, non richiedono il preventivo consenso dell\u2019Utente per essere installati ed utilizzati.<\/p>\n\n\n\n<p>In particolare, i cookie utilizzati nel Sito sono riconducibili alle seguenti sottocategorie:<\/p>\n\n\n\n<p>\u2013 cookie di navigazione o di sessione, che garantiscono la normale navigazione e fruizione del Sito. Non essendo memorizzati sul computer dell\u2019utente, svaniscono con la chiusura del browser;<\/p>\n\n\n\n<p>\u2013 cookie analitici, con cui sono raccolte e analizzate informazioni statistiche sul numero degli utenti e sulle visite al Sito;<\/p>\n\n\n\n<p>\u2013 social widgets e plugin: alcuni widgets e plugin messi a disposizione dai social network possono utilizzare propri cookies per facilitare l\u2019interazione con il sito di riferimento.<\/p>\n\n\n\n<p>Di seguito sono elencati i cookie di terze parti installati sul Sito. Per ciascuno di essi \u00e8 riportato il link alla relativa informativa sul trattamento dei dati personali effettuato e sulle modalit\u00e0 per l\u2019eventuale disattivazione dei cookie utilizzati. In merito ai cookie di terze parti, il Titolare ha unicamente l\u2019obbligo di inserire nella presente policy il link al sito della terza parte. \u00c8 a carico di tale soggetto, invece, l\u2019obbligo dell\u2019informativa e dell\u2019indicazione delle modalit\u00e0 per l\u2019eventuale consenso e\/o disattivazione dei cookie.<\/p>\n\n\n\n<p>\u2022 Google Analytics:&nbsp;<a href=\"http:\/\/www.google.com\/intl\/it_ALL\/analytics\/learn\/privacy.html\">Informativa<\/a>&nbsp;|&nbsp;<a href=\"https:\/\/tools.google.com\/dlpage\/gaoptout\/\">Opt Out<\/a><\/p>\n\n\n\n<p>\u2022 Google Webmaster Tools:&nbsp;<a href=\"http:\/\/www.google.com\/intl\/en\/policies\/privacy\/\">Informativa<\/a><\/p>\n\n\n\n<p>\u2022 Facebook:&nbsp;<a href=\"https:\/\/it-it.facebook.com\/policy.php\">Informativa<\/a>&nbsp;|&nbsp;<a href=\"https:\/\/it-it.facebook.com\/policies\/cookies\/\">Informativa cookies<\/a><\/p>\n\n\n\n<p>\u2022 Vuid:&nbsp;<a href=\"https:\/\/vimeo.com\/privacy\">Informativa<\/a>&nbsp;|&nbsp;<a href=\"https:\/\/vimeo.com\/cookie_policy\">Informativa cookies<\/a><\/p>\n\n\n\n<p>I cookie possono essere disabilitati dall\u2019utente modificando le impostazioni del browser sulla base delle istruzioni rese disponibili dai relativi fornitori ai link elencati di seguito.<\/p>\n\n\n\n<p><a href=\"http:\/\/windows.microsoft.com\/it-IT\/internet-explorer\/delete-manage-cookies%23ie=ie-11\">Internet Explorer<\/a><\/p>\n\n\n\n<p><a href=\"https:\/\/support.mozilla.org\/it\/kb\/Attivare%2520e%2520disattivare%2520i%2520cookie\">Mozilla Firefox<\/a><\/p>\n\n\n\n<p><a href=\"https:\/\/support.google.com\/chrome\/answer\/95647?hl=it\">Google Chrome<\/a><\/p>\n\n\n\n<p><a href=\"https:\/\/support.apple.com\/it-it\/HT201265\">Apple Safari<\/a><\/p>\n\n\n\n<p><a href=\"http:\/\/www.opera.com\/help\/tutorials\/security\/cookies\/\">Opera<\/a><\/p>\n\n\n\n<p><strong>Come vengono memorizzati i vostri indirizzi IP<\/strong><\/p>\n\n\n\n<p>Un indirizzo IP \u00e8 un numero univoco che identifica un qualsiasi dispositivo che abbia accesso a Internet. I web server raccolgono automaticamente gli indirizzi IP per amministrare il sito, e vengono utilizzati in associazione ai cookies per \u201cmemorizzare\u201d il computer e gli altri dispositivi impiegati per accedere al Sito. Questo sito utilizza i Cookies in associazione alla memorizzazione degli indirizzi IP, per valutazioni statistiche e di performance del Sito.<\/p>\n\n\n\n<p><strong>Aggiornamenti.<\/strong><\/p>\n\n\n\n<p>La presente Privacy Policy sar\u00e0 soggetta ad aggiornamenti. Il Titolare invita, pertanto, gli Utenti che intendano conoscere le modalit\u00e0 di trattamento dei dati personali raccolti attraverso il Sito a visitare periodicamente questa pagina.<\/p>\n","protected":false},"excerpt":{"rendered":"<p>La presente policy descrive le procedure seguite da Nhood Services Italy S.p.A. (di seguito anche \u201cNhood\u201d o il \u201cTitolare\u201d o [&hellip;]<\/p>\n","protected":false},"author":17,"featured_media":0,"parent":0,"menu_order":71,"comment_status":"closed","ping_status":"closed","template":"template-legal.php","meta":{"_acf_changed":false,"footnotes":""},"class_list":["post-1712","page","type-page","status-publish","hentry"],"acf":[],"yoast_head":"<!-- This site is optimized with the Yoast SEO plugin v27.3 - https:\/\/yoast.com\/product\/yoast-seo-wordpress\/ -->\n<title>Privacy policy e cookie policy - Nhood Services Italy<\/title>\n<meta name=\"robots\" content=\"index, follow, max-snippet:-1, max-image-preview:large, max-video-preview:-1\" \/>\n<link rel=\"canonical\" href=\"https:\/\/nhood.it\/en\/privacy-policy\/\" \/>\n<meta property=\"og:locale\" content=\"en_US\" \/>\n<meta property=\"og:type\" content=\"article\" \/>\n<meta property=\"og:title\" content=\"Privacy policy e cookie policy - Nhood Services Italy\" \/>\n<meta property=\"og:description\" content=\"La presente policy descrive le procedure seguite da Nhood Services Italy S.p.A. (di seguito anche \u201cNhood\u201d o il \u201cTitolare\u201d o [&hellip;]\" \/>\n<meta property=\"og:url\" content=\"https:\/\/nhood.it\/en\/privacy-policy\/\" \/>\n<meta property=\"og:site_name\" content=\"Nhood Services Italy\" \/>\n<meta property=\"article:modified_time\" content=\"2025-05-08T14:43:56+00:00\" \/>\n<meta name=\"twitter:card\" content=\"summary_large_image\" \/>\n<meta name=\"twitter:label1\" content=\"Est. reading time\" \/>\n\t<meta name=\"twitter:data1\" content=\"7 minutes\" \/>\n<script type=\"application\/ld+json\" class=\"yoast-schema-graph\">{\"@context\":\"https:\\\/\\\/schema.org\",\"@graph\":[{\"@type\":\"WebPage\",\"@id\":\"https:\\\/\\\/nhood.it\\\/en\\\/privacy-policy\\\/\",\"url\":\"https:\\\/\\\/nhood.it\\\/en\\\/privacy-policy\\\/\",\"name\":\"Privacy policy e cookie policy - Nhood Services Italy\",\"isPartOf\":{\"@id\":\"https:\\\/\\\/nhood.it\\\/en\\\/#website\"},\"datePublished\":\"2021-06-15T07:43:45+00:00\",\"dateModified\":\"2025-05-08T14:43:56+00:00\",\"inLanguage\":\"en-US\",\"potentialAction\":[{\"@type\":\"ReadAction\",\"target\":[\"https:\\\/\\\/nhood.it\\\/en\\\/privacy-policy\\\/\"]}]},{\"@type\":\"WebSite\",\"@id\":\"https:\\\/\\\/nhood.it\\\/en\\\/#website\",\"url\":\"https:\\\/\\\/nhood.it\\\/en\\\/\",\"name\":\"Nhood Services Italy\",\"description\":\"We are Nhood\",\"potentialAction\":[{\"@type\":\"SearchAction\",\"target\":{\"@type\":\"EntryPoint\",\"urlTemplate\":\"https:\\\/\\\/nhood.it\\\/en\\\/?s={search_term_string}\"},\"query-input\":{\"@type\":\"PropertyValueSpecification\",\"valueRequired\":true,\"valueName\":\"search_term_string\"}}],\"inLanguage\":\"en-US\"}]}<\/script>\n<!-- \/ Yoast SEO plugin. -->","yoast_head_json":{"title":"Privacy policy e cookie policy - Nhood Services Italy","robots":{"index":"index","follow":"follow","max-snippet":"max-snippet:-1","max-image-preview":"max-image-preview:large","max-video-preview":"max-video-preview:-1"},"canonical":"https:\/\/nhood.it\/en\/privacy-policy\/","og_locale":"en_US","og_type":"article","og_title":"Privacy policy e cookie policy - Nhood Services Italy","og_description":"La presente policy descrive le procedure seguite da Nhood Services Italy S.p.A. (di seguito anche \u201cNhood\u201d o il \u201cTitolare\u201d o [&hellip;]","og_url":"https:\/\/nhood.it\/en\/privacy-policy\/","og_site_name":"Nhood Services Italy","article_modified_time":"2025-05-08T14:43:56+00:00","twitter_card":"summary_large_image","twitter_misc":{"Est. reading time":"7 minutes"},"schema":{"@context":"https:\/\/schema.org","@graph":[{"@type":"WebPage","@id":"https:\/\/nhood.it\/en\/privacy-policy\/","url":"https:\/\/nhood.it\/en\/privacy-policy\/","name":"Privacy policy e cookie policy - Nhood Services Italy","isPartOf":{"@id":"https:\/\/nhood.it\/en\/#website"},"datePublished":"2021-06-15T07:43:45+00:00","dateModified":"2025-05-08T14:43:56+00:00","inLanguage":"en-US","potentialAction":[{"@type":"ReadAction","target":["https:\/\/nhood.it\/en\/privacy-policy\/"]}]},{"@type":"WebSite","@id":"https:\/\/nhood.it\/en\/#website","url":"https:\/\/nhood.it\/en\/","name":"Nhood Services Italy","description":"We are Nhood","potentialAction":[{"@type":"SearchAction","target":{"@type":"EntryPoint","urlTemplate":"https:\/\/nhood.it\/en\/?s={search_term_string}"},"query-input":{"@type":"PropertyValueSpecification","valueRequired":true,"valueName":"search_term_string"}}],"inLanguage":"en-US"}]}},"_links":{"self":[{"href":"https:\/\/nhood.it\/en\/wp-json\/wp\/v2\/pages\/1712","targetHints":{"allow":["GET"]}}],"collection":[{"href":"https:\/\/nhood.it\/en\/wp-json\/wp\/v2\/pages"}],"about":[{"href":"https:\/\/nhood.it\/en\/wp-json\/wp\/v2\/types\/page"}],"author":[{"embeddable":true,"href":"https:\/\/nhood.it\/en\/wp-json\/wp\/v2\/users\/17"}],"replies":[{"embeddable":true,"href":"https:\/\/nhood.it\/en\/wp-json\/wp\/v2\/comments?post=1712"}],"version-history":[{"count":3,"href":"https:\/\/nhood.it\/en\/wp-json\/wp\/v2\/pages\/1712\/revisions"}],"predecessor-version":[{"id":7295,"href":"https:\/\/nhood.it\/en\/wp-json\/wp\/v2\/pages\/1712\/revisions\/7295"}],"wp:attachment":[{"href":"https:\/\/nhood.it\/en\/wp-json\/wp\/v2\/media?parent=1712"}],"curies":[{"name":"wp","href":"https:\/\/api.w.org\/{rel}","templated":true}]}}